{"id":67,"date":"2022-02-14T08:18:34","date_gmt":"2022-02-14T08:18:34","guid":{"rendered":"http:\/\/localhost\/mairie\/?page_id=67"},"modified":"2023-02-08T15:05:01","modified_gmt":"2023-02-08T15:05:01","slug":"infos-pratiques","status":"publish","type":"page","link":"https:\/\/lescun.fr\/index.php\/infos-pratiques\/","title":{"rendered":"Infos pratiques"},"content":{"rendered":"\n<div class=\"wp-block-media-text alignfull is-stacked-on-mobile is-vertically-aligned-center\" style=\"grid-template-columns:39% auto\" id=\"dechets\"><figure class=\"wp-block-media-text__media\"><img loading=\"lazy\" decoding=\"async\" width=\"781\" height=\"501\" src=\"https:\/\/lescun.fr\/wp-content\/uploads\/2022\/02\/dechet.jpg\" alt=\"\" class=\"wp-image-188 size-full\"\/><\/figure><div class=\"wp-block-media-text__content\">\n<h3 class=\"has-text-align-center has-light-green-cyan-background-color has-text-color has-background wp-block-heading\" id=\"open-spaces-1\" style=\"color:#000000\"><strong>G<\/strong>ESTION DES DECHETS<\/h3>\n\n\n\n<p>Les&nbsp;comp\u00e9tences&nbsp;incombant aux collectivit\u00e9s locales en mati\u00e8re de service public d\u2019\u00e9limination des d\u00e9chets sont :<\/p>\n\n\n\n<h2 class=\"wp-block-heading\" id=\"la-collecte\">La&nbsp;collecte<\/h2>\n\n\n\n<p>qui comprend la collecte des ordures m\u00e9nag\u00e8res et la collecte s\u00e9lective.<\/p>\n\n\n\n<p class=\"has-small-font-size\"><strong>HORAIRES sur LESCUN: 1 passage par semaine le mardi matin<\/strong> ordure m\u00e9nag\u00e8re et tri s\u00e9lectif <a href=\"http:\/\/localhost\/mairie\/wp-content\/uploads\/2022\/02\/guide-du-tri.pdf\" class=\"wp-block-file__button\" download=\"\" aria-describedby=\"wp-block-file--media-4c4bebcc-9567-46fe-86a2-b86ca237cb51\">(T\u00e9l\u00e9charger guide du tri)<\/a><\/p>\n\n\n\n<h2 class=\"has-medium-font-size wp-block-heading\" id=\"le-traitement\">La d\u00e9chetterie: <\/h2>\n\n\n\n<p><strong>Bedous\u2013 05 59 34 58 04<\/strong> &#8211; <strong>acc\u00e8s r\u00e9serv\u00e9 aux r\u00e9sidents de la communaut\u00e9 de commune (badge)<\/strong><br>Mardi : 8h-12h<br>Mercredi : 14h \u2013 17h<br>Jeudi : 14h \u2013 17h<br>Vendredi : 14h \u2013 17h<br>samedi : 9h30-12h30 \/ 14h-17h<\/p>\n\n\n\n<div class=\"wp-block-group\"><div class=\"wp-block-group__inner-container is-layout-flow wp-block-group-is-layout-flow\">\n<h2 class=\"wp-block-heading\" id=\"le-traitement\">Le traitement<\/h2>\n<\/div><\/div>\n\n\n\n<div class=\"wp-block-group\"><div class=\"wp-block-group__inner-container is-layout-flow wp-block-group-is-layout-flow\">\n<p style=\"font-size:15px\">qui englobe le tri, l\u2019\u00e9limination (incin\u00e9ration et enfouissement)&nbsp;ainsi que le transport aff\u00e9rent \u00e0 ces activit\u00e9s. Cette comp\u00e9tence a \u00e9t\u00e9 transf\u00e9r\u00e9e pour partie \u00e0 VALOR BEARN&nbsp;(Syndicat Mixte de Traitement des D\u00e9chets du bassin Est) depuis le 1er Janvier 2002.<\/p>\n<\/div><\/div>\n<\/div><\/div>\n\n\n\n<div class=\"wp-block-media-text alignfull is-stacked-on-mobile is-vertically-aligned-center\" style=\"grid-template-columns:39% auto\" id=\"sante\"><figure class=\"wp-block-media-text__media\"><img loading=\"lazy\" decoding=\"async\" width=\"500\" height=\"375\" src=\"https:\/\/lescun.fr\/wp-content\/uploads\/2022\/02\/sante.jpg\" alt=\"\" class=\"wp-image-187 size-full\"\/><\/figure><div class=\"wp-block-media-text__content\">\n<h3 class=\"has-text-align-center has-light-green-cyan-background-color has-text-color has-background has-medium-font-size wp-block-heading\" id=\"open-spaces-1\" style=\"color:#000000\">SANTE<\/h3>\n\n\n\n<p>La maison de sant\u00e9 rassemble plusieurs professionnels de soins de sant\u00e9 primaire : m\u00e9decins g\u00e9n\u00e9ralistes, infirmiers, kin\u00e9sith\u00e9rapeutes, orthophonistes, psychologues, podologues, di\u00e9t\u00e9ticiens\u2026 unis par une charte, un projet et des objectifs op\u00e9rationnels concernant la sant\u00e9 des patients.<\/p>\n\n\n\n<p><strong>La Maison de Sant\u00e9 Pluridisciplinaire: 8, Espace Nouqu\u00e9 64490 BEDOUS 05 59 88 09 73<\/strong><\/p>\n\n\n\n<p><strong><em>Le <a href=\"https:\/\/www.maisondesante-aspe.fr\/les-professionnels\/accueil-secr\u00e9tariat\/\">secr\u00e9tariat<\/a> est ouvert :<\/em> Du lundi au vendredi&nbsp; 8h30 &#8211; 12 h \/ 14h &#8211; 17h30<\/strong><\/p>\n\n\n\n<p><strong><em>e-mail : &nbsp;<\/em>accueilmspaspe@gmail.com<\/strong><\/p>\n\n\n\n<p>Cet \u00e9tablissement&nbsp; permet&nbsp; de r\u00e9pondre \u00e0 la demande de la population, d\u2019acc\u00e9der \u00e0 un service de sant\u00e9 regroup\u00e9, coordonn\u00e9 et central ; mais aussi de r\u00e9pondre aux besoins des professionnels de sant\u00e9 de se regrouper pour faire \u00e9voluer leur pratique m\u00e9dicale.<\/p>\n\n\n\n<p>Les maisons de sant\u00e9 pluridisciplinaire prennent en compte les int\u00e9r\u00eats :<\/p>\n\n\n\n<ul class=\"wp-block-list\">\n<li>de sant\u00e9 publique (qualit\u00e9 de l\u2019accueil et des soins, r\u00e9ponse \u00e0 l\u2019urgence et permanence des soins, \u00e9ducation \u00e0 la sant\u00e9 et pr\u00e9vention, lieu de formation universitaire,..);<\/li>\n\n\n\n<li>pour la population (structure de soins performante, facilement accessible, prise en charge globale et suivi des patients par une mise en commun des dossiers m\u00e9dicaux);<\/li>\n\n\n\n<li>pour les professionnels (motivation par la prise en charge de la population d\u2019un secteur, mutualisation des contraintes, valorisation par le r\u00f4le d\u2019accompagnateur de jeunes en formation avec un statut d\u2019enseignant universitaire, confort du travail en \u00e9quipe, possibilit\u00e9 d\u2019adaptation du temps de travail\u2026<\/li>\n<\/ul>\n<\/div><\/div>\n\n\n\n<div class=\"wp-block-media-text alignfull is-stacked-on-mobile is-vertically-aligned-center is-image-fill\" style=\"grid-template-columns:34% auto\" id=\"demarches\"><figure class=\"wp-block-media-text__media\" style=\"background-image:url(http:\/\/localhost\/mairie\/wp-content\/uploads\/2022\/02\/mairie-1.jpg);background-position:25% 100%\"><img loading=\"lazy\" decoding=\"async\" width=\"376\" height=\"380\" src=\"http:\/\/localhost\/mairie\/wp-content\/uploads\/2022\/02\/mairie-1.jpg\" alt=\"\" class=\"wp-image-195 size-full\"\/><\/figure><div class=\"wp-block-media-text__content\">\n<p class=\"has-text-align-center has-black-color has-light-green-cyan-background-color has-text-color has-background has-medium-font-size\"><strong>DEMARCHES ADMINISTRATIVES<\/strong><\/p>\n\n\n\n<p><strong>Mairie:&nbsp;<\/strong><\/p>\n\n\n\n<p>ouverte les lundi, mardi, jeudi, vendredi de 9h \u00e0 12h et 14-17h<\/p>\n\n\n\n<p><strong>Agence postale :<\/strong><\/p>\n\n\n\n<p>Lescun, Place du village ouverte le mardi, vendredi et samedi matin de 09h \u00e0 12h30 ainsi que le mercredi apr\u00e8s-midi de 14h \u00e0 17h20&nbsp;<\/p>\n\n\n\n<p><strong>Service CNI \/ Passeport<\/strong>s :<\/p>\n\n\n\n<p>A la Mairie d&#8217;Accous, sur rendez-vous au 05 59 34 71 10<\/p>\n\n\n\n<p><strong>Urbanisme<\/strong><\/p>\n\n\n\n<p>Certificat d\u2019urbanisme, d\u00e9claration pr\u00e9alable, permis de construire: Proc\u00e9dure par internet  <a href=\"https:\/\/wwwservice-public.fr\/\/particuliers\/vos droits\">https:\/\/wwwservice-public.fr\/particuliers\/vos droits<\/a> <br><\/p>\n<\/div><\/div>\n\n\n\n<div class=\"wp-block-group\"><div class=\"wp-block-group__inner-container is-layout-flow wp-block-group-is-layout-flow\">\n<h2 class=\"has-text-align-center has-large-font-size wp-block-heading\" id=\"les-associations-du-village\">LES ASSOCIATIONS DU VILLAGE<\/h2>\n<\/div><\/div>\n\n\n\n<div class=\"wp-block-group alignwide\" id=\"assos\"><div class=\"wp-block-group__inner-container is-layout-flow wp-block-group-is-layout-flow\">\n<div class=\"wp-block-columns alignwide is-layout-flex wp-container-core-columns-is-layout-9d6595d7 wp-block-columns-is-layout-flex\">\n<div class=\"wp-block-column has-text-color has-background has-link-color wp-elements-7d49402afdfe286cb12b2eee36e98853 is-layout-flow wp-block-column-is-layout-flow\" style=\"color:#000000;background-color:#f78da857;padding-top:2em;padding-right:2em;padding-bottom:2em;padding-left:2em\">\n<h2 class=\"has-text-align-left wp-block-heading\" id=\"single\" style=\"font-size:30px\">Amicale des Sapeurs-Pompiers<\/h2>\n\n\n\n<p class=\"has-text-align-center\"><strong>Soutenez nous<\/strong><\/p>\n\n\n\n<hr class=\"wp-block-separator has-text-color has-css-opacity has-background is-style-wide\" style=\"background-color:#000000;color:#000000\"\/>\n\n\n\n<div class=\"wp-block-buttons alignfull is-horizontal is-content-justification-center is-layout-flex wp-container-core-buttons-is-layout-499968f5 wp-block-buttons-is-layout-flex\"><\/div>\n<\/div>\n\n\n\n<div class=\"wp-block-column has-text-color has-background has-link-color wp-elements-32827bd7812cc5d827f395e75f3bd024 is-layout-flow wp-block-column-is-layout-flow\" style=\"color:#000000;background-color:#ffe97d;padding-top:2em;padding-right:2em;padding-bottom:2em;padding-left:2em\">\n<h2 class=\"has-text-align-left wp-block-heading\" id=\"single\" style=\"font-size:25px\">Association Communale de Chasse Agr\u00e9e<\/h2>\n\n\n\n<p class=\"has-text-align-center\"><strong>Soutenez nous<\/strong><\/p>\n\n\n\n<hr class=\"wp-block-separator has-text-color has-css-opacity has-background is-style-wide\" style=\"background-color:#000000;color:#000000\"\/>\n\n\n\n<div class=\"wp-block-buttons alignfull is-horizontal is-content-justification-center is-layout-flex wp-container-core-buttons-is-layout-499968f5 wp-block-buttons-is-layout-flex\"><\/div>\n<\/div>\n\n\n\n<div class=\"wp-block-column has-text-color has-background has-link-color wp-elements-76d9034b78a13f3f9d40b0e63b76cdad is-layout-flow wp-block-column-is-layout-flow\" style=\"color:#000000;background-color:#d1d1e1;padding-top:2em;padding-right:2em;padding-bottom:2em;padding-left:2em\">\n<h2 class=\"wp-block-heading\" id=\"family\" style=\"font-size:30px\"><strong>Comit\u00e9 des f\u00eates<\/strong><\/h2>\n\n\n\n<p class=\"has-text-align-center has-normal-font-size\" style=\"line-height:1.5\"><strong>Soutenez nous<\/strong><\/p>\n\n\n\n<hr class=\"wp-block-separator has-css-opacity is-style-wide\"\/>\n\n\n\n<div class=\"wp-block-buttons alignfull is-horizontal is-content-justification-center is-layout-flex wp-container-core-buttons-is-layout-499968f5 wp-block-buttons-is-layout-flex\"><\/div>\n<\/div>\n\n\n\n<div class=\"wp-block-column has-text-color has-background has-link-color wp-elements-9be8fe33babadb7c580f8fe2ad5e765a is-layout-flow wp-block-column-is-layout-flow\" style=\"color:#000000;background-color:#c0ebf1;padding-top:2em;padding-right:2em;padding-bottom:2em;padding-left:2em\">\n<h2 class=\"has-text-align-left wp-block-heading\" id=\"patron\" style=\"font-size:25px\"><strong>Les Lescunales<\/strong><\/h2>\n\n\n\n<p class=\"has-text-align-center has-normal-font-size\"><strong>Soutenez-nous <\/strong><\/p>\n\n\n\n<hr class=\"wp-block-separator has-css-opacity is-style-wide\"\/>\n\n\n\n<div class=\"wp-block-buttons alignfull is-horizontal is-content-justification-center is-layout-flex wp-container-core-buttons-is-layout-499968f5 wp-block-buttons-is-layout-flex\">\n<div class=\"wp-block-button\"><a class=\"wp-block-button__link wp-element-button\">Facebook<\/a><\/div>\n<\/div>\n<\/div>\n<\/div>\n<\/div><\/div>\n","protected":false},"excerpt":{"rendered":"<p>DEMARCHES ADMINISTRATIVES Mairie:&nbsp; ouverte les lundi, mardi, jeudi, vendredi de 9h \u00e0 12h et 14-17h Agence postale : Lescun, Place du village ouverte le mardi, vendredi et samedi matin de 09h \u00e0 12h30 ainsi que le mercredi apr\u00e8s-midi de 14h \u00e0 17h20&nbsp; Service CNI \/ Passeports : A la Mairie d&#8217;Accous, sur rendez-vous au 05 [&hellip;]<\/p>\n","protected":false},"author":1,"featured_media":0,"parent":0,"menu_order":0,"comment_status":"closed","ping_status":"closed","template":"","meta":{"_eb_attr":"","wpupg_custom_link":[],"wpupg_custom_link_behaviour":[],"wpupg_custom_image":[],"wpupg_custom_image_id":[],"_ti_tpc_template_sync":false,"_ti_tpc_template_id":"","footnotes":""},"class_list":["post-67","page","type-page","status-publish","hentry","entry"],"yoast_head":"<!-- This site is optimized with the Yoast SEO plugin v21.2 - https:\/\/yoast.com\/wordpress\/plugins\/seo\/ -->\n<title>Infos pratiques - Mairie Lescun<\/title>\n<meta name=\"robots\" content=\"index, follow, max-snippet:-1, max-image-preview:large, max-video-preview:-1\" \/>\n<link rel=\"canonical\" href=\"https:\/\/lescun.fr\/index.php\/infos-pratiques\/\" \/>\n<meta property=\"og:locale\" content=\"fr_FR\" \/>\n<meta property=\"og:type\" content=\"article\" \/>\n<meta property=\"og:title\" content=\"Infos pratiques - Mairie Lescun\" \/>\n<meta property=\"og:description\" content=\"DEMARCHES ADMINISTRATIVES Mairie:&nbsp; ouverte les lundi, mardi, jeudi, vendredi de 9h \u00e0 12h et 14-17h Agence postale : Lescun, Place du village ouverte le mardi, vendredi et samedi matin de 09h \u00e0 12h30 ainsi que le mercredi apr\u00e8s-midi de 14h \u00e0 17h20&nbsp; Service CNI \/ Passeports : A la Mairie d&#8217;Accous, sur rendez-vous au 05 [&hellip;]\" \/>\n<meta property=\"og:url\" content=\"https:\/\/lescun.fr\/index.php\/infos-pratiques\/\" \/>\n<meta property=\"og:site_name\" content=\"Mairie Lescun\" \/>\n<meta property=\"article:publisher\" content=\"https:\/\/www.facebook.com\/lescun64\/\" \/>\n<meta property=\"article:modified_time\" content=\"2023-02-08T15:05:01+00:00\" \/>\n<meta property=\"og:image\" content=\"https:\/\/lescun.fr\/wp-content\/uploads\/2022\/02\/dechet.jpg\" \/>\n<meta name=\"twitter:card\" content=\"summary_large_image\" \/>\n<script type=\"application\/ld+json\" class=\"yoast-schema-graph\">{\"@context\":\"https:\/\/schema.org\",\"@graph\":[{\"@type\":\"WebPage\",\"@id\":\"https:\/\/lescun.fr\/index.php\/infos-pratiques\/\",\"url\":\"https:\/\/lescun.fr\/index.php\/infos-pratiques\/\",\"name\":\"Infos pratiques - Mairie Lescun\",\"isPartOf\":{\"@id\":\"https:\/\/lescun.fr\/#website\"},\"datePublished\":\"2022-02-14T08:18:34+00:00\",\"dateModified\":\"2023-02-08T15:05:01+00:00\",\"breadcrumb\":{\"@id\":\"https:\/\/lescun.fr\/index.php\/infos-pratiques\/#breadcrumb\"},\"inLanguage\":\"fr-FR\",\"potentialAction\":[{\"@type\":\"ReadAction\",\"target\":[\"https:\/\/lescun.fr\/index.php\/infos-pratiques\/\"]}]},{\"@type\":\"BreadcrumbList\",\"@id\":\"https:\/\/lescun.fr\/index.php\/infos-pratiques\/#breadcrumb\",\"itemListElement\":[{\"@type\":\"ListItem\",\"position\":1,\"name\":\"Accueil\",\"item\":\"https:\/\/lescun.fr\/\"},{\"@type\":\"ListItem\",\"position\":2,\"name\":\"Infos pratiques\"}]},{\"@type\":\"WebSite\",\"@id\":\"https:\/\/lescun.fr\/#website\",\"url\":\"https:\/\/lescun.fr\/\",\"name\":\"Mairie Lescun\",\"description\":\"Site de la commune de Lescun\",\"publisher\":{\"@id\":\"https:\/\/lescun.fr\/#organization\"},\"potentialAction\":[{\"@type\":\"SearchAction\",\"target\":{\"@type\":\"EntryPoint\",\"urlTemplate\":\"https:\/\/lescun.fr\/?s={search_term_string}\"},\"query-input\":\"required name=search_term_string\"}],\"inLanguage\":\"fr-FR\"},{\"@type\":\"Organization\",\"@id\":\"https:\/\/lescun.fr\/#organization\",\"name\":\"Mairie Lescun\",\"url\":\"https:\/\/lescun.fr\/\",\"logo\":{\"@type\":\"ImageObject\",\"inLanguage\":\"fr-FR\",\"@id\":\"https:\/\/lescun.fr\/#\/schema\/logo\/image\/\",\"url\":\"https:\/\/lescun.fr\/wp-content\/uploads\/2022\/02\/vache.png\",\"contentUrl\":\"https:\/\/lescun.fr\/wp-content\/uploads\/2022\/02\/vache.png\",\"width\":800,\"height\":800,\"caption\":\"Mairie Lescun\"},\"image\":{\"@id\":\"https:\/\/lescun.fr\/#\/schema\/logo\/image\/\"},\"sameAs\":[\"https:\/\/www.facebook.com\/lescun64\/\"]}]}<\/script>\n<!-- \/ Yoast SEO plugin. -->","yoast_head_json":{"title":"Infos pratiques - Mairie Lescun","robots":{"index":"index","follow":"follow","max-snippet":"max-snippet:-1","max-image-preview":"max-image-preview:large","max-video-preview":"max-video-preview:-1"},"canonical":"https:\/\/lescun.fr\/index.php\/infos-pratiques\/","og_locale":"fr_FR","og_type":"article","og_title":"Infos pratiques - Mairie Lescun","og_description":"DEMARCHES ADMINISTRATIVES Mairie:&nbsp; ouverte les lundi, mardi, jeudi, vendredi de 9h \u00e0 12h et 14-17h Agence postale : Lescun, Place du village ouverte le mardi, vendredi et samedi matin de 09h \u00e0 12h30 ainsi que le mercredi apr\u00e8s-midi de 14h \u00e0 17h20&nbsp; Service CNI \/ Passeports : A la Mairie d&#8217;Accous, sur rendez-vous au 05 [&hellip;]","og_url":"https:\/\/lescun.fr\/index.php\/infos-pratiques\/","og_site_name":"Mairie Lescun","article_publisher":"https:\/\/www.facebook.com\/lescun64\/","article_modified_time":"2023-02-08T15:05:01+00:00","og_image":[{"url":"https:\/\/lescun.fr\/wp-content\/uploads\/2022\/02\/dechet.jpg"}],"twitter_card":"summary_large_image","schema":{"@context":"https:\/\/schema.org","@graph":[{"@type":"WebPage","@id":"https:\/\/lescun.fr\/index.php\/infos-pratiques\/","url":"https:\/\/lescun.fr\/index.php\/infos-pratiques\/","name":"Infos pratiques - Mairie Lescun","isPartOf":{"@id":"https:\/\/lescun.fr\/#website"},"datePublished":"2022-02-14T08:18:34+00:00","dateModified":"2023-02-08T15:05:01+00:00","breadcrumb":{"@id":"https:\/\/lescun.fr\/index.php\/infos-pratiques\/#breadcrumb"},"inLanguage":"fr-FR","potentialAction":[{"@type":"ReadAction","target":["https:\/\/lescun.fr\/index.php\/infos-pratiques\/"]}]},{"@type":"BreadcrumbList","@id":"https:\/\/lescun.fr\/index.php\/infos-pratiques\/#breadcrumb","itemListElement":[{"@type":"ListItem","position":1,"name":"Accueil","item":"https:\/\/lescun.fr\/"},{"@type":"ListItem","position":2,"name":"Infos pratiques"}]},{"@type":"WebSite","@id":"https:\/\/lescun.fr\/#website","url":"https:\/\/lescun.fr\/","name":"Mairie Lescun","description":"Site de la commune de Lescun","publisher":{"@id":"https:\/\/lescun.fr\/#organization"},"potentialAction":[{"@type":"SearchAction","target":{"@type":"EntryPoint","urlTemplate":"https:\/\/lescun.fr\/?s={search_term_string}"},"query-input":"required name=search_term_string"}],"inLanguage":"fr-FR"},{"@type":"Organization","@id":"https:\/\/lescun.fr\/#organization","name":"Mairie Lescun","url":"https:\/\/lescun.fr\/","logo":{"@type":"ImageObject","inLanguage":"fr-FR","@id":"https:\/\/lescun.fr\/#\/schema\/logo\/image\/","url":"https:\/\/lescun.fr\/wp-content\/uploads\/2022\/02\/vache.png","contentUrl":"https:\/\/lescun.fr\/wp-content\/uploads\/2022\/02\/vache.png","width":800,"height":800,"caption":"Mairie Lescun"},"image":{"@id":"https:\/\/lescun.fr\/#\/schema\/logo\/image\/"},"sameAs":["https:\/\/www.facebook.com\/lescun64\/"]}]}},"_links":{"self":[{"href":"https:\/\/lescun.fr\/index.php\/wp-json\/wp\/v2\/pages\/67","targetHints":{"allow":["GET"]}}],"collection":[{"href":"https:\/\/lescun.fr\/index.php\/wp-json\/wp\/v2\/pages"}],"about":[{"href":"https:\/\/lescun.fr\/index.php\/wp-json\/wp\/v2\/types\/page"}],"author":[{"embeddable":true,"href":"https:\/\/lescun.fr\/index.php\/wp-json\/wp\/v2\/users\/1"}],"replies":[{"embeddable":true,"href":"https:\/\/lescun.fr\/index.php\/wp-json\/wp\/v2\/comments?post=67"}],"version-history":[{"count":22,"href":"https:\/\/lescun.fr\/index.php\/wp-json\/wp\/v2\/pages\/67\/revisions"}],"predecessor-version":[{"id":411,"href":"https:\/\/lescun.fr\/index.php\/wp-json\/wp\/v2\/pages\/67\/revisions\/411"}],"wp:attachment":[{"href":"https:\/\/lescun.fr\/index.php\/wp-json\/wp\/v2\/media?parent=67"}],"curies":[{"name":"wp","href":"https:\/\/api.w.org\/{rel}","templated":true}]}}